{"id":13,"date":"2022-12-28T06:16:38","date_gmt":"2022-12-28T05:16:38","guid":{"rendered":"http:\/\/local.abbataxihorgen.ch\/?page_id=13"},"modified":"2023-01-03T16:47:25","modified_gmt":"2023-01-03T15:47:25","slug":"dienstleistungen","status":"publish","type":"page","link":"https:\/\/www.abbataxihorgen.ch\/de\/dienstleistungen\/","title":{"rendered":"Dienstleistungen"},"content":{"rendered":"\t\t<div data-elementor-type=\"wp-page\" data-elementor-id=\"13\" class=\"elementor elementor-13\">\n\t\t\t\t\t\t<section class=\"elementor-section elementor-top-section elementor-element elementor-element-9e20cd9 elementor-section-full_width elementor-section-height-default elementor-section-height-default\" data-id=\"9e20cd9\" data-element_type=\"section\">\n\t\t\t\t\t\t<div class=\"elementor-container elementor-column-gap-default\">\n\t\t\t\t\t<div class=\"elementor-column elementor-col-66 elementor-top-column elementor-element elementor-element-749d2a1\" data-id=\"749d2a1\" data-element_type=\"column\">\n\t\t\t<div class=\"elementor-widget-wrap elementor-element-populated\">\n\t\t\t\t\t\t<div class=\"elementor-element elementor-element-c7445c4 elementor-widget elementor-widget-text-editor\" data-id=\"c7445c4\" data-element_type=\"widget\" data-widget_type=\"text-editor.default\">\n\t\t\t\t<div class=\"elementor-widget-container\">\n\t\t\t\t\t\t\t\t\t<p>Unsere Fahrzeuge bieten Platz f\u00fcr 1 \u2013 6 Personen. So fahren wir Sie flexibel von A nach B. Unsere Dienstleistungen im \u00dcberblick:<\/p>\n<ul>\n<li>Kurier<\/li>\n<li>Sch\u00fclertransporte<\/li>\n<li>ProMobil<\/li>\n<li>Taxifahrt<\/li>\n<\/ul>\n<p>Unser Taxidienst bedient die Ortschaften Horgen, Hirzel, Horgenberg, Oberrieden, Au\/W\u00e4denswil, Z\u00fcrich Flughafen und viele mehr. <br><\/p><p><a href=\"tel:+41774716611\">Rufen sie uns einfach an<\/a>, wir sind 24h am Tag f\u00fcr Sie da!<\/p>\t\t\t\t\t\t\t\t<\/div>\n\t\t\t\t<\/div>\n\t\t\t\t\t<\/div>\n\t\t<\/div>\n\t\t\t\t<div class=\"elementor-column elementor-col-33 elementor-top-column elementor-element elementor-element-a028ba2\" data-id=\"a028ba2\" data-element_type=\"column\">\n\t\t\t<div class=\"elementor-widget-wrap elementor-element-populated\">\n\t\t\t\t\t\t<div class=\"elementor-element elementor-element-97a35f7 elementor-widget elementor-widget-image\" data-id=\"97a35f7\" data-element_type=\"widget\" data-widget_type=\"image.default\">\n\t\t\t\t<div class=\"elementor-widget-container\">\n\t\t\t\t\t\t\t\t\t\t\t\t\t\t\t<img fetchpriority=\"high\" decoding=\"async\" width=\"768\" height=\"1024\" src=\"https:\/\/www.abbataxihorgen.ch\/wp-content\/uploads\/2022\/12\/innenansicht-768x1024.jpg\" class=\"attachment-large size-large wp-image-283\" alt=\"\" srcset=\"https:\/\/www.abbataxihorgen.ch\/wp-content\/uploads\/2022\/12\/innenansicht-768x1024.jpg 768w, https:\/\/www.abbataxihorgen.ch\/wp-content\/uploads\/2022\/12\/innenansicht-225x300.jpg 225w, https:\/\/www.abbataxihorgen.ch\/wp-content\/uploads\/2022\/12\/innenansicht-1152x1536.jpg 1152w, https:\/\/www.abbataxihorgen.ch\/wp-content\/uploads\/2022\/12\/innenansicht.jpg 1512w\" sizes=\"(max-width: 768px) 100vw, 768px\" \/>\t\t\t\t\t\t\t\t\t\t\t\t\t\t\t<\/div>\n\t\t\t\t<\/div>\n\t\t\t\t\t<\/div>\n\t\t<\/div>\n\t\t\t\t\t<\/div>\n\t\t<\/section>\n\t\t\t\t<section class=\"elementor-section elementor-top-section elementor-element elementor-element-418de8e elementor-section-full_width elementor-section-height-default elementor-section-height-default\" data-id=\"418de8e\" data-element_type=\"section\">\n\t\t\t\t\t\t<div class=\"elementor-container elementor-column-gap-default\">\n\t\t\t\t\t<div class=\"elementor-column elementor-col-66 elementor-top-column elementor-element elementor-element-5e5c782\" data-id=\"5e5c782\" data-element_type=\"column\">\n\t\t\t<div class=\"elementor-widget-wrap elementor-element-populated\">\n\t\t\t\t\t\t<div class=\"elementor-element elementor-element-4ba4e31 elementor-widget elementor-widget-text-editor\" data-id=\"4ba4e31\" data-element_type=\"widget\" data-widget_type=\"text-editor.default\">\n\t\t\t\t<div class=\"elementor-widget-container\">\n\t\t\t\t\t\t\t\t\t<p>Die Sicherheit Ihres Kindes liegt uns sehr am Herzen.<\/p><p>Mit unserem Kindersitz R\u00d6MER BRITAX EVOLVA 1-2-3 PLUS f\u00e4hrt Ihr Kind ab 9 Kg bis 36 Kg bequem und sicher mit.<\/p><p>Mit dem 5-Punkt-Gurtsystem f\u00fcr die Kleinen und dem 3-Punkt-Gurt f\u00fcr \u00e4ltere Kinder bis zu 36 Kg k\u00f6nnen sich Ihre Kinder wohl und sicher f\u00fchlen.<\/p>\t\t\t\t\t\t\t\t<\/div>\n\t\t\t\t<\/div>\n\t\t\t\t\t<\/div>\n\t\t<\/div>\n\t\t\t\t<div class=\"elementor-column elementor-col-33 elementor-top-column elementor-element elementor-element-35fdcb2\" data-id=\"35fdcb2\" data-element_type=\"column\">\n\t\t\t<div class=\"elementor-widget-wrap elementor-element-populated\">\n\t\t\t\t\t\t<div class=\"elementor-element elementor-element-aa7f7fb elementor-widget elementor-widget-image\" data-id=\"aa7f7fb\" data-element_type=\"widget\" data-widget_type=\"image.default\">\n\t\t\t\t<div class=\"elementor-widget-container\">\n\t\t\t\t\t\t\t\t\t\t\t\t\t\t\t<img decoding=\"async\" width=\"311\" height=\"350\" src=\"https:\/\/www.abbataxihorgen.ch\/wp-content\/uploads\/2022\/12\/roemer_britax_evolva.jpeg\" class=\"attachment-full size-full wp-image-125\" alt=\"\" srcset=\"https:\/\/www.abbataxihorgen.ch\/wp-content\/uploads\/2022\/12\/roemer_britax_evolva.jpeg 311w, https:\/\/www.abbataxihorgen.ch\/wp-content\/uploads\/2022\/12\/roemer_britax_evolva-267x300.jpeg 267w\" sizes=\"(max-width: 311px) 100vw, 311px\" \/>\t\t\t\t\t\t\t\t\t\t\t\t\t\t\t<\/div>\n\t\t\t\t<\/div>\n\t\t\t\t\t<\/div>\n\t\t<\/div>\n\t\t\t\t\t<\/div>\n\t\t<\/section>\n\t\t\t\t<\/div>\n\t\t","protected":false},"excerpt":{"rendered":"<p>Unsere Fahrzeuge bieten Platz f\u00fcr 1 \u2013 6 Personen. So fahren wir Sie flexibel von A nach B. Unsere Dienstleistungen im \u00dcberblick: Kurier Sch\u00fclertransporte ProMobil Taxifahrt Unser Taxidienst bedient die Ortschaften Horgen, Hirzel, Horgenberg, Oberrieden, Au\/W\u00e4denswil, Z\u00fcrich Flughafen und viele mehr. Rufen sie uns einfach an, wir sind 24h am Tag f\u00fcr Sie da! Die [&hellip;]<\/p>\n","protected":false},"author":2,"featured_media":0,"parent":0,"menu_order":0,"comment_status":"closed","ping_status":"closed","template":"","meta":{"footnotes":""},"class_list":["post-13","page","type-page","status-publish","hentry"],"yoast_head":"<!-- This site is optimized with the Yoast SEO plugin v25.6 - https:\/\/yoast.com\/wordpress\/plugins\/seo\/ -->\n<title>Dienstleistungen - Abba Taxi Horgen<\/title>\n<meta name=\"description\" content=\"Unsere Fahrzeuge bieten Platz f\u00fcr 1 \u2013 6 Personen. So fahren wir Sie flexibel von A nach B.\" \/>\n<meta name=\"robots\" content=\"index, follow, max-snippet:-1, max-image-preview:large, max-video-preview:-1\" \/>\n<link rel=\"canonical\" href=\"https:\/\/www.abbataxihorgen.ch\/de\/dienstleistungen\/\" \/>\n<meta property=\"og:locale\" content=\"de_DE\" \/>\n<meta property=\"og:type\" content=\"article\" \/>\n<meta property=\"og:title\" content=\"Dienstleistungen - Abba Taxi Horgen\" \/>\n<meta property=\"og:description\" content=\"Unsere Fahrzeuge bieten Platz f\u00fcr 1 \u2013 6 Personen. So fahren wir Sie flexibel von A nach B.\" \/>\n<meta property=\"og:url\" content=\"https:\/\/www.abbataxihorgen.ch\/de\/dienstleistungen\/\" \/>\n<meta property=\"og:site_name\" content=\"Abba Taxi Horgen\" \/>\n<meta property=\"article:modified_time\" content=\"2023-01-03T15:47:25+00:00\" \/>\n<meta property=\"og:image\" content=\"https:\/\/www.abbataxihorgen.ch\/wp-content\/uploads\/2022\/12\/innenansicht-768x1024.jpg\" \/>\n<meta name=\"twitter:card\" content=\"summary_large_image\" \/>\n<meta name=\"twitter:label1\" content=\"Gesch\u00e4tzte Lesezeit\" \/>\n\t<meta name=\"twitter:data1\" content=\"1\u00a0Minute\" \/>\n<script type=\"application\/ld+json\" class=\"yoast-schema-graph\">{\"@context\":\"https:\/\/schema.org\",\"@graph\":[{\"@type\":\"WebPage\",\"@id\":\"https:\/\/www.abbataxihorgen.ch\/de\/dienstleistungen\/\",\"url\":\"https:\/\/www.abbataxihorgen.ch\/de\/dienstleistungen\/\",\"name\":\"Dienstleistungen - Abba Taxi Horgen\",\"isPartOf\":{\"@id\":\"http:\/\/local.abbataxihorgen.ch\/#website\"},\"primaryImageOfPage\":{\"@id\":\"https:\/\/www.abbataxihorgen.ch\/de\/dienstleistungen\/#primaryimage\"},\"image\":{\"@id\":\"https:\/\/www.abbataxihorgen.ch\/de\/dienstleistungen\/#primaryimage\"},\"thumbnailUrl\":\"https:\/\/www.abbataxihorgen.ch\/wp-content\/uploads\/2022\/12\/innenansicht-768x1024.jpg\",\"datePublished\":\"2022-12-28T05:16:38+00:00\",\"dateModified\":\"2023-01-03T15:47:25+00:00\",\"description\":\"Unsere Fahrzeuge bieten Platz f\u00fcr 1 \u2013 6 Personen. So fahren wir Sie flexibel von A nach B.\",\"breadcrumb\":{\"@id\":\"https:\/\/www.abbataxihorgen.ch\/de\/dienstleistungen\/#breadcrumb\"},\"inLanguage\":\"de\",\"potentialAction\":[{\"@type\":\"ReadAction\",\"target\":[\"https:\/\/www.abbataxihorgen.ch\/de\/dienstleistungen\/\"]}]},{\"@type\":\"ImageObject\",\"inLanguage\":\"de\",\"@id\":\"https:\/\/www.abbataxihorgen.ch\/de\/dienstleistungen\/#primaryimage\",\"url\":\"https:\/\/www.abbataxihorgen.ch\/wp-content\/uploads\/2022\/12\/innenansicht-768x1024.jpg\",\"contentUrl\":\"https:\/\/www.abbataxihorgen.ch\/wp-content\/uploads\/2022\/12\/innenansicht-768x1024.jpg\"},{\"@type\":\"BreadcrumbList\",\"@id\":\"https:\/\/www.abbataxihorgen.ch\/de\/dienstleistungen\/#breadcrumb\",\"itemListElement\":[{\"@type\":\"ListItem\",\"position\":1,\"name\":\"Startseite\",\"item\":\"https:\/\/www.abbataxihorgen.ch\/de\/\"},{\"@type\":\"ListItem\",\"position\":2,\"name\":\"Dienstleistungen\"}]},{\"@type\":\"WebSite\",\"@id\":\"http:\/\/local.abbataxihorgen.ch\/#website\",\"url\":\"http:\/\/local.abbataxihorgen.ch\/\",\"name\":\"Abba Taxi Horgen\",\"description\":\"\",\"potentialAction\":[{\"@type\":\"SearchAction\",\"target\":{\"@type\":\"EntryPoint\",\"urlTemplate\":\"http:\/\/local.abbataxihorgen.ch\/?s={search_term_string}\"},\"query-input\":{\"@type\":\"PropertyValueSpecification\",\"valueRequired\":true,\"valueName\":\"search_term_string\"}}],\"inLanguage\":\"de\"}]}<\/script>\n<!-- \/ Yoast SEO plugin. -->","yoast_head_json":{"title":"Dienstleistungen - Abba Taxi Horgen","description":"Unsere Fahrzeuge bieten Platz f\u00fcr 1 \u2013 6 Personen. So fahren wir Sie flexibel von A nach B.","robots":{"index":"index","follow":"follow","max-snippet":"max-snippet:-1","max-image-preview":"max-image-preview:large","max-video-preview":"max-video-preview:-1"},"canonical":"https:\/\/www.abbataxihorgen.ch\/de\/dienstleistungen\/","og_locale":"de_DE","og_type":"article","og_title":"Dienstleistungen - Abba Taxi Horgen","og_description":"Unsere Fahrzeuge bieten Platz f\u00fcr 1 \u2013 6 Personen. So fahren wir Sie flexibel von A nach B.","og_url":"https:\/\/www.abbataxihorgen.ch\/de\/dienstleistungen\/","og_site_name":"Abba Taxi Horgen","article_modified_time":"2023-01-03T15:47:25+00:00","og_image":[{"url":"https:\/\/www.abbataxihorgen.ch\/wp-content\/uploads\/2022\/12\/innenansicht-768x1024.jpg","type":"","width":"","height":""}],"twitter_card":"summary_large_image","twitter_misc":{"Gesch\u00e4tzte Lesezeit":"1\u00a0Minute"},"schema":{"@context":"https:\/\/schema.org","@graph":[{"@type":"WebPage","@id":"https:\/\/www.abbataxihorgen.ch\/de\/dienstleistungen\/","url":"https:\/\/www.abbataxihorgen.ch\/de\/dienstleistungen\/","name":"Dienstleistungen - Abba Taxi Horgen","isPartOf":{"@id":"http:\/\/local.abbataxihorgen.ch\/#website"},"primaryImageOfPage":{"@id":"https:\/\/www.abbataxihorgen.ch\/de\/dienstleistungen\/#primaryimage"},"image":{"@id":"https:\/\/www.abbataxihorgen.ch\/de\/dienstleistungen\/#primaryimage"},"thumbnailUrl":"https:\/\/www.abbataxihorgen.ch\/wp-content\/uploads\/2022\/12\/innenansicht-768x1024.jpg","datePublished":"2022-12-28T05:16:38+00:00","dateModified":"2023-01-03T15:47:25+00:00","description":"Unsere Fahrzeuge bieten Platz f\u00fcr 1 \u2013 6 Personen. So fahren wir Sie flexibel von A nach B.","breadcrumb":{"@id":"https:\/\/www.abbataxihorgen.ch\/de\/dienstleistungen\/#breadcrumb"},"inLanguage":"de","potentialAction":[{"@type":"ReadAction","target":["https:\/\/www.abbataxihorgen.ch\/de\/dienstleistungen\/"]}]},{"@type":"ImageObject","inLanguage":"de","@id":"https:\/\/www.abbataxihorgen.ch\/de\/dienstleistungen\/#primaryimage","url":"https:\/\/www.abbataxihorgen.ch\/wp-content\/uploads\/2022\/12\/innenansicht-768x1024.jpg","contentUrl":"https:\/\/www.abbataxihorgen.ch\/wp-content\/uploads\/2022\/12\/innenansicht-768x1024.jpg"},{"@type":"BreadcrumbList","@id":"https:\/\/www.abbataxihorgen.ch\/de\/dienstleistungen\/#breadcrumb","itemListElement":[{"@type":"ListItem","position":1,"name":"Startseite","item":"https:\/\/www.abbataxihorgen.ch\/de\/"},{"@type":"ListItem","position":2,"name":"Dienstleistungen"}]},{"@type":"WebSite","@id":"http:\/\/local.abbataxihorgen.ch\/#website","url":"http:\/\/local.abbataxihorgen.ch\/","name":"Abba Taxi Horgen","description":"","potentialAction":[{"@type":"SearchAction","target":{"@type":"EntryPoint","urlTemplate":"http:\/\/local.abbataxihorgen.ch\/?s={search_term_string}"},"query-input":{"@type":"PropertyValueSpecification","valueRequired":true,"valueName":"search_term_string"}}],"inLanguage":"de"}]}},"_links":{"self":[{"href":"https:\/\/www.abbataxihorgen.ch\/de\/wp-json\/wp\/v2\/pages\/13","targetHints":{"allow":["GET"]}}],"collection":[{"href":"https:\/\/www.abbataxihorgen.ch\/de\/wp-json\/wp\/v2\/pages"}],"about":[{"href":"https:\/\/www.abbataxihorgen.ch\/de\/wp-json\/wp\/v2\/types\/page"}],"author":[{"embeddable":true,"href":"https:\/\/www.abbataxihorgen.ch\/de\/wp-json\/wp\/v2\/users\/2"}],"replies":[{"embeddable":true,"href":"https:\/\/www.abbataxihorgen.ch\/de\/wp-json\/wp\/v2\/comments?post=13"}],"version-history":[{"count":56,"href":"https:\/\/www.abbataxihorgen.ch\/de\/wp-json\/wp\/v2\/pages\/13\/revisions"}],"predecessor-version":[{"id":391,"href":"https:\/\/www.abbataxihorgen.ch\/de\/wp-json\/wp\/v2\/pages\/13\/revisions\/391"}],"wp:attachment":[{"href":"https:\/\/www.abbataxihorgen.ch\/de\/wp-json\/wp\/v2\/media?parent=13"}],"curies":[{"name":"wp","href":"https:\/\/api.w.org\/{rel}","templated":true}]}}