{"id":18,"date":"2022-12-28T06:17:01","date_gmt":"2022-12-28T05:17:01","guid":{"rendered":"http:\/\/local.abbataxihorgen.ch\/?page_id=18"},"modified":"2022-12-31T11:27:48","modified_gmt":"2022-12-31T10:27:48","slug":"gaestebuch","status":"publish","type":"page","link":"https:\/\/www.abbataxihorgen.ch\/de\/gaestebuch\/","title":{"rendered":"G\u00e4stebuch"},"content":{"rendered":"<div class=\"gwolle-gb\"><div class=\"gwolle_gb_messages_top_container\"><\/div>\n\t\t\t<div class=\"gwolle-gb-write-button\">\n\t\t\t\t<input type=\"button\" name=\"gwolle-gb-write-button\" class=\"button btn btn-default \" value=\"Neuen Eintrag erstellen\" \/>\n\t\t\t<\/div>\n\t\t\t<form action=\"#\" method=\"POST\" class=\"gwolle-gb-write gwolle-gb-hide gwolle-gb-float gwolle_gb_form_ajax gwolle-gb-form-ajax gwolle-gb-ajax gwolle-gb-not-logged-in\">\n\t\t\t\t<h3>Einen neuen Eintrag f\u00fcr das G\u00e4stebuch schreiben<\/h3>\n\t\t\t\t<button type=\"button\" class=\"gb-notice-dismiss\">x<span class=\"screen-reader-text\">Dieses Formular ausblenden<\/span><\/button>\n\t\t\t\n\t\t\t\t<input type=\"hidden\" name=\"gwolle_gb_function\" class=\"gwolle_gb_function\" value=\"add_entry\" \/><input type=\"hidden\" name=\"gwolle_gb_book_id\" class=\"gwolle_gb_book_id\" value=\"1\" \/><div class=\"gwolle_gb_47c415a4251731f0c427d1febe7d0130\">\n\t\t\t\t<div class=\"label\"><label for=\"gwolle_gb_47c415a4251731f0c427d1febe7d0130-1\" class=\"text-info\">Name <span class=\"required\">*<\/span><\/label><\/div>\n\t\t\t\t<div class=\"input\"><input class=\"wp-exclude-emoji gwolle_gb_47c415a4251731f0c427d1febe7d0130\" value=\"\" type=\"text\" id=\"gwolle_gb_47c415a4251731f0c427d1febe7d0130-1\" name=\"gwolle_gb_47c415a4251731f0c427d1febe7d0130\" required \/><\/div>\n\t\t\t\t<div class=\"clearBoth\">&nbsp;<\/div>\n\t\t\t<\/div>\n\t\t\t<div class=\"gwolle_gb_4b9fedfa4eefad714c242da2b04a29aa\" style=\"display:none;overflow:hidden;\" hidden=\"true\" aria-hidden=\"true\">\n\t\t\t\t<div class=\"label\">\n\t\t\t\t\t<label for=\"gwolle_gb_4b9fedfa4eefad714c242da2b04a29aa-1\" class=\"text-primary\">Hier nichts eingeben<\/label>\n\t\t\t\t\t<label for=\"gwolle_gb_a8b08c1666e63193fcb923a9afe1d492-1\" class=\"text-primary\">Hier nichts eingeben<\/label>\n\t\t\t\t<\/div>\n\t\t\t\t<div class=\"input\">\n\t\t\t\t\t<input value=\"2\" type=\"text\" id=\"gwolle_gb_4b9fedfa4eefad714c242da2b04a29aa-1\" name=\"gwolle_gb_4b9fedfa4eefad714c242da2b04a29aa\" class=\"gwolle_gb_4b9fedfa4eefad714c242da2b04a29aa\" style=\"transform: translateY(10000px);\" \/>\n\t\t\t\t\t<input value=\"\" type=\"text\" name=\"gwolle_gb_a8b08c1666e63193fcb923a9afe1d492\" id=\"gwolle_gb_a8b08c1666e63193fcb923a9afe1d492-1\" class=\"gwolle_gb_a8b08c1666e63193fcb923a9afe1d492\" style=\"transform: translateY(10000px);\" \/>\n\t\t\t\t<\/div>\n\t\t\t\t<div class=\"clearBoth\"><\/div>\n\t\t\t<\/div>\n\t\t\t<div class=\"gwolle_gb_bd084b1ff10bc84f1f3ce766df0ac18e\" style=\"display:none;overflow:hidden;\" hidden=\"true\" aria-hidden=\"true\">\n\t\t\t\t<div class=\"label\">\n\t\t\t\t\t<label for=\"gwolle_gb_bd084b1ff10bc84f1f3ce766df0ac18e-1\" class=\"text-primary\">Hier nichts eingeben<\/label>\n\t\t\t\t\t<label for=\"gwolle_gb_c7a42a29700cd871e794f85de29774db-1\" class=\"text-primary\">Hier nichts eingeben<\/label>\n\t\t\t\t<\/div>\n\t\t\t\t<div class=\"input\">\n\t\t\t\t\t<input value=\"55469\" type=\"text\" id=\"gwolle_gb_bd084b1ff10bc84f1f3ce766df0ac18e-1\" name=\"gwolle_gb_bd084b1ff10bc84f1f3ce766df0ac18e\" class=\"gwolle_gb_bd084b1ff10bc84f1f3ce766df0ac18e\" style=\"transform: translateY(10000px);\" \/>\n\t\t\t\t\t<input value=\"55469\" type=\"text\"id=\"gwolle_gb_c7a42a29700cd871e794f85de29774db-1\" name=\"gwolle_gb_c7a42a29700cd871e794f85de29774db\" class=\"gwolle_gb_c7a42a29700cd871e794f85de29774db\" style=\"transform: translateY(10000px);\" \/>\n\t\t\t\t<\/div>\n\t\t\t\t<div class=\"clearBoth\"><\/div>\n\t\t\t<\/div><div class=\"gwolle_gb_content\">\n\t\t\t\t<div class=\"label\"><label for=\"gwolle_gb_content-1\" class=\"text-info\">G\u00e4stebucheintrag <span class=\"required\">*<\/span><\/label><\/div>\n\t\t\t\t<div class=\"input\"><textarea id=\"gwolle_gb_content-1\" name=\"gwolle_gb_content\" class=\"gwolle_gb_content wp-exclude-emoji\" required ><\/textarea><\/div>\n\t\t\t\t\t<div class=\"clearBoth\">&nbsp;<\/div>\n\t\t\t\t<\/div><input type=\"hidden\" class=\"gwolle_gb_3c38d7a5281b9e5f7def9725fc5dedc4\" id=\"gwolle_gb_3c38d7a5281b9e5f7def9725fc5dedc4-1\" name=\"gwolle_gb_3c38d7a5281b9e5f7def9725fc5dedc4\" value=\"e2e8684430\" \/>\n\t\t\t<div class=\"gwolle_gb_messages_bottom_container\"><\/div>\n\n\t\t\t<noscript><div class=\"no-js\">Warnung: Dieses Formular kann nur verwendet werden, wenn in deinem Browser JavaScript aktiviert ist.<\/div><\/noscript>\n\n\t\t\t<div class=\"gwolle_gb_submit\">\n\t\t\t\t<div class=\"label gwolle-gb-invisible text-muted\">&nbsp;<\/div>\n\t\t\t\t<div class=\"input\">\n\t\t\t\t\t<input type=\"submit\" name=\"gwolle_gb_submit\" class=\"gwolle_gb_submit button btn btn-primary \" value=\"Absenden\" \/>\n\t\t\t\t\t<span class=\"gwolle_gb_submit_ajax_icon\"><\/span>\n\t\t\t\n\t\t\t\t<\/div>\n\t\t\t\t<div class=\"clearBoth\">&nbsp;<\/div>\n\t\t\t<\/div>\n\n\t\t\t<div class=\"gwolle_gb_notice\">\n\t\t\t\t<br \/>\nMit * gekennzeichnete Felder sind erforderlich.<br \/>\nDeine E-Mail-Adresse wird nicht ver\u00f6ffentlicht.<br \/>\nEs ist m\u00f6glich, dass dein Eintrag im G\u00e4stebuch erst sichtbar ist, nachdem wir ihn \u00fcberpr\u00fcft haben.<br \/>\nWir behalten uns vor, Eintr\u00e4ge zu bearbeiten, zu l\u00f6schen oder nicht zu ver\u00f6ffentlichen.<br \/>\n\n\t\t\t<\/div><\/form><div class=\"gwolle-gb-read gwolle-gb-ajax gwolle-gb-entries-list\" data-book_id=\"1\" data-page_id=\"1\">\n\t\t<div id=\"gwolle-gb-total\" class=\"gwolle-gb-total\">11 Eintr\u00e4ge<\/div><!-- Gwolle-GB Entry: Default Template Loaded -->\n\t\t\t\t<div class=\"gb-entry gb-entry_19 gb-entry-count_1 gwolle_gb_uneven gwolle-gb-uneven gwolle-gb-first\" id=\"gb-entry_19\" data-entry_id=\"19\">\n\t\t\t\t<article>\n\t\t\t\t\t<div class=\"gb-author-info\">\n\t\t\t\t\t\t<span class=\"gb-author-name\">M\u00fcller\n\t\t\t\t\t\t<\/span>\n\t\t\t\t\t<\/div>\n\t\t\t\t\t<div class=\"gb-entry-content\">Das beste Taxiunternehmen in der ganzer Schweiz!!\nWeiter so!!\nFaire Preise ,saubere Fahrzeuge ,hilfsbereite Mitarbeiter und immer p\u00fcnktlich...\nAlles Top ..Eine wohlf\u00fchloase Fahrt ...Muss man erleben\nDanke Anja\n\t\t\t\t\t<\/div>\n\t\t\t\t<\/article>\n\t\t\t<\/div>\n\t\t\t<div class=\"gb-entry gb-entry_17 gb-entry-count_2 gwolle_gb_even gwolle-gb-even\" id=\"gb-entry_17\" data-entry_id=\"17\">\n\t\t\t\t<article>\n\t\t\t\t\t<div class=\"gb-author-info\">\n\t\t\t\t\t\t<span class=\"gb-author-name\">Hinz\n\t\t\t\t\t\t<\/span>\n\t\t\t\t\t<\/div>\n\t\t\t\t\t<div class=\"gb-entry-content\">Danke f\u00fcr den ausgezeichnetetn Taxiservice \ud83d\ude03\ud83d\udc4d. Wir rufen bestimmt wieder an, wenn wir das n\u00e4chste mal in die Ferien fliegen.\ud83c\udf34\ud83d\udeeb\n\t\t\t\t\t<\/div>\n\t\t\t\t<\/article>\n\t\t\t<\/div>\n\t\t\t<div class=\"gb-entry gb-entry_16 gb-entry-count_3 gwolle_gb_uneven gwolle-gb-uneven\" id=\"gb-entry_16\" data-entry_id=\"16\">\n\t\t\t\t<article>\n\t\t\t\t\t<div class=\"gb-author-info\">\n\t\t\t\t\t\t<span class=\"gb-author-name\">Klaus\n\t\t\t\t\t\t<\/span>\n\t\t\t\t\t<\/div>\n\t\t\t\t\t<div class=\"gb-entry-content\">Liebe Anja ich w\u00fcnsche dir viel Segen und Bewahrung auf allen deinen Weben\n\t\t\t\t\t<\/div>\n\t\t\t\t<\/article>\n\t\t\t<\/div>\n\t\t\t<div class=\"gb-entry gb-entry_15 gb-entry-count_4 gwolle_gb_even gwolle-gb-even\" id=\"gb-entry_15\" data-entry_id=\"15\">\n\t\t\t\t<article>\n\t\t\t\t\t<div class=\"gb-author-info\">\n\t\t\t\t\t\t<span class=\"gb-author-name\">Moser\n\t\t\t\t\t\t<\/span>\n\t\t\t\t\t<\/div>\n\t\t\t\t\t<div class=\"gb-entry-content\">Danke Anja f\u00fcr die sch\u00f6ne Fahrt und das nette Gespr\u00e4ch mit dir. Ich war sehr froh, um den zuverl\u00e4ssigen und ausgezeichneten Service. Vielen Dank! Laura\n\t\t\t\t\t<\/div>\n\t\t\t\t<\/article>\n\t\t\t<\/div>\n\t\t\t<div class=\"gb-entry gb-entry_14 gb-entry-count_5 gwolle_gb_uneven gwolle-gb-uneven\" id=\"gb-entry_14\" data-entry_id=\"14\">\n\t\t\t\t<article>\n\t\t\t\t\t<div class=\"gb-author-info\">\n\t\t\t\t\t\t<span class=\"gb-author-name\">Hofer Marianne\n\t\t\t\t\t\t<\/span>\n\t\t\t\t\t<\/div>\n\t\t\t\t\t<div class=\"gb-entry-content\">w\u00fcnsche gute Gesch\u00e4fte!lg\n\t\t\t\t\t<\/div>\n\t\t\t\t<\/article>\n\t\t\t<\/div>\n\t\t\t<div class=\"gb-entry gb-entry_13 gb-entry-count_6 gwolle_gb_even gwolle-gb-even\" id=\"gb-entry_13\" data-entry_id=\"13\">\n\t\t\t\t<article>\n\t\t\t\t\t<div class=\"gb-author-info\">\n\t\t\t\t\t\t<span class=\"gb-author-name\">Marcello\n\t\t\t\t\t\t<\/span>\n\t\t\t\t\t<\/div>\n\t\t\t\t\t<div class=\"gb-entry-content\">...willst Du von hier nach da...dann fahr mit dem Taxi von der Anja...!!! ...das Taxi ist sauber...die Anja ist super!!! ...und Abba -der G\u00fctige- m\u00f6ge jeden Gast immer beh\u00fcte... Weiter so, gesch\u00e4tzte Anja und &#034;Gl\u00fcck auf .-))&#034; s\u00e4t de K\u00f6lsche .-)) herzlichst Marcello\n\t\t\t\t\t<\/div>\n\t\t\t\t<\/article>\n\t\t\t<\/div>\n\t\t\t<div class=\"gb-entry gb-entry_12 gb-entry-count_7 gwolle_gb_uneven gwolle-gb-uneven\" id=\"gb-entry_12\" data-entry_id=\"12\">\n\t\t\t\t<article>\n\t\t\t\t\t<div class=\"gb-author-info\">\n\t\t\t\t\t\t<span class=\"gb-author-name\">Grill-Phil\n\t\t\t\t\t\t<\/span>\n\t\t\t\t\t<\/div>\n\t\t\t\t\t<div class=\"gb-entry-content\">Eifach die Bescht!!!\n\t\t\t\t\t<\/div>\n\t\t\t\t<\/article>\n\t\t\t<\/div>\n\t\t\t<div class=\"gb-entry gb-entry_11 gb-entry-count_8 gwolle_gb_even gwolle-gb-even\" id=\"gb-entry_11\" data-entry_id=\"11\">\n\t\t\t\t<article>\n\t\t\t\t\t<div class=\"gb-author-info\">\n\t\t\t\t\t\t<span class=\"gb-author-name\">Schnyder\n\t\t\t\t\t\t<\/span>\n\t\t\t\t\t<\/div>\n\t\t\t\t\t<div class=\"gb-entry-content\">Sehr sympathische und aufgestellte Fahrerin. Kann Sie mit gutem Gewissen weiterempfehlen.\n\t\t\t\t\t<\/div>\n\t\t\t\t<\/article>\n\t\t\t<\/div>\n\t\t\t<div class=\"gb-entry gb-entry_10 gb-entry-count_9 gwolle_gb_uneven gwolle-gb-uneven\" id=\"gb-entry_10\" data-entry_id=\"10\">\n\t\t\t\t<article>\n\t\t\t\t\t<div class=\"gb-author-info\">\n\t\t\t\t\t\t<span class=\"gb-author-name\">Matthias Kappeler\n\t\t\t\t\t\t<\/span>\n\t\t\t\t\t<\/div>\n\t\t\t\t\t<div class=\"gb-entry-content\">Yeeaahh !! Super Website Alles gueti und uf villi chunde gby matthias\n\t\t\t\t\t<\/div>\n\t\t\t\t<\/article>\n\t\t\t<\/div>\n\t\t\t<div class=\"gb-entry gb-entry_9 gb-entry-count_10 gwolle_gb_even gwolle-gb-even\" id=\"gb-entry_9\" data-entry_id=\"9\">\n\t\t\t\t<article>\n\t\t\t\t\t<div class=\"gb-author-info\">\n\t\t\t\t\t\t<span class=\"gb-author-name\">Myriam\n\t\t\t\t\t\t<\/span>\n\t\t\t\t\t<\/div>\n\t\t\t\t\t<div class=\"gb-entry-content\">Ehrliche Chefin, keinerlei Geldgier, sondern hilfsbereit und herzensgut. Solche Menschen gibt es nur sehr selten !\n\t\t\t\t\t<\/div>\n\t\t\t\t<\/article>\n\t\t\t<\/div>\n\t\t\t<div class=\"gb-entry gb-entry_8 gb-entry-count_11 gwolle_gb_uneven gwolle-gb-uneven\" id=\"gb-entry_8\" data-entry_id=\"8\">\n\t\t\t\t<article>\n\t\t\t\t\t<div class=\"gb-author-info\">\n\t\t\t\t\t\t<span class=\"gb-author-name\">Niederberger\n\t\t\t\t\t\t<\/span>\n\t\t\t\t\t<\/div>\n\t\t\t\t\t<div class=\"gb-entry-content\">Super Service! Freundliche, aufgestellte und fr\u00f6hliche Fahrerin! Kann Anja w\u00e4rmstens weiterempfehlen...\n\t\t\t\t\t<\/div>\n\t\t\t\t<\/article>\n\t\t\t<\/div>\n\t\t\t<\/div><\/div>\n","protected":false},"excerpt":{"rendered":"","protected":false},"author":2,"featured_media":0,"parent":0,"menu_order":0,"comment_status":"closed","ping_status":"closed","template":"","meta":{"footnotes":""},"class_list":["post-18","page","type-page","status-publish","hentry"],"yoast_head":"<!-- This site is optimized with the Yoast SEO plugin v25.6 - https:\/\/yoast.com\/wordpress\/plugins\/seo\/ -->\n<title>G\u00e4stebuch - Abba Taxi Horgen<\/title>\n<meta name=\"robots\" content=\"index, follow, max-snippet:-1, max-image-preview:large, max-video-preview:-1\" \/>\n<link rel=\"canonical\" href=\"https:\/\/www.abbataxihorgen.ch\/de\/gaestebuch\/\" \/>\n<meta property=\"og:locale\" content=\"de_DE\" \/>\n<meta property=\"og:type\" content=\"article\" \/>\n<meta property=\"og:title\" content=\"G\u00e4stebuch - Abba Taxi Horgen\" \/>\n<meta property=\"og:url\" content=\"https:\/\/www.abbataxihorgen.ch\/de\/gaestebuch\/\" \/>\n<meta property=\"og:site_name\" content=\"Abba Taxi Horgen\" \/>\n<meta property=\"article:modified_time\" content=\"2022-12-31T10:27:48+00:00\" \/>\n<meta name=\"twitter:card\" content=\"summary_large_image\" \/>\n<script type=\"application\/ld+json\" class=\"yoast-schema-graph\">{\"@context\":\"https:\/\/schema.org\",\"@graph\":[{\"@type\":\"WebPage\",\"@id\":\"https:\/\/www.abbataxihorgen.ch\/de\/gaestebuch\/\",\"url\":\"https:\/\/www.abbataxihorgen.ch\/de\/gaestebuch\/\",\"name\":\"G\u00e4stebuch - Abba Taxi Horgen\",\"isPartOf\":{\"@id\":\"http:\/\/local.abbataxihorgen.ch\/#website\"},\"datePublished\":\"2022-12-28T05:17:01+00:00\",\"dateModified\":\"2022-12-31T10:27:48+00:00\",\"breadcrumb\":{\"@id\":\"https:\/\/www.abbataxihorgen.ch\/de\/gaestebuch\/#breadcrumb\"},\"inLanguage\":\"de\",\"potentialAction\":[{\"@type\":\"ReadAction\",\"target\":[\"https:\/\/www.abbataxihorgen.ch\/de\/gaestebuch\/\"]}]},{\"@type\":\"BreadcrumbList\",\"@id\":\"https:\/\/www.abbataxihorgen.ch\/de\/gaestebuch\/#breadcrumb\",\"itemListElement\":[{\"@type\":\"ListItem\",\"position\":1,\"name\":\"Startseite\",\"item\":\"https:\/\/www.abbataxihorgen.ch\/de\/\"},{\"@type\":\"ListItem\",\"position\":2,\"name\":\"G\u00e4stebuch\"}]},{\"@type\":\"WebSite\",\"@id\":\"http:\/\/local.abbataxihorgen.ch\/#website\",\"url\":\"http:\/\/local.abbataxihorgen.ch\/\",\"name\":\"Abba Taxi Horgen\",\"description\":\"\",\"potentialAction\":[{\"@type\":\"SearchAction\",\"target\":{\"@type\":\"EntryPoint\",\"urlTemplate\":\"http:\/\/local.abbataxihorgen.ch\/?s={search_term_string}\"},\"query-input\":{\"@type\":\"PropertyValueSpecification\",\"valueRequired\":true,\"valueName\":\"search_term_string\"}}],\"inLanguage\":\"de\"}]}<\/script>\n<!-- \/ Yoast SEO plugin. -->","yoast_head_json":{"title":"G\u00e4stebuch - Abba Taxi Horgen","robots":{"index":"index","follow":"follow","max-snippet":"max-snippet:-1","max-image-preview":"max-image-preview:large","max-video-preview":"max-video-preview:-1"},"canonical":"https:\/\/www.abbataxihorgen.ch\/de\/gaestebuch\/","og_locale":"de_DE","og_type":"article","og_title":"G\u00e4stebuch - Abba Taxi Horgen","og_url":"https:\/\/www.abbataxihorgen.ch\/de\/gaestebuch\/","og_site_name":"Abba Taxi Horgen","article_modified_time":"2022-12-31T10:27:48+00:00","twitter_card":"summary_large_image","schema":{"@context":"https:\/\/schema.org","@graph":[{"@type":"WebPage","@id":"https:\/\/www.abbataxihorgen.ch\/de\/gaestebuch\/","url":"https:\/\/www.abbataxihorgen.ch\/de\/gaestebuch\/","name":"G\u00e4stebuch - Abba Taxi Horgen","isPartOf":{"@id":"http:\/\/local.abbataxihorgen.ch\/#website"},"datePublished":"2022-12-28T05:17:01+00:00","dateModified":"2022-12-31T10:27:48+00:00","breadcrumb":{"@id":"https:\/\/www.abbataxihorgen.ch\/de\/gaestebuch\/#breadcrumb"},"inLanguage":"de","potentialAction":[{"@type":"ReadAction","target":["https:\/\/www.abbataxihorgen.ch\/de\/gaestebuch\/"]}]},{"@type":"BreadcrumbList","@id":"https:\/\/www.abbataxihorgen.ch\/de\/gaestebuch\/#breadcrumb","itemListElement":[{"@type":"ListItem","position":1,"name":"Startseite","item":"https:\/\/www.abbataxihorgen.ch\/de\/"},{"@type":"ListItem","position":2,"name":"G\u00e4stebuch"}]},{"@type":"WebSite","@id":"http:\/\/local.abbataxihorgen.ch\/#website","url":"http:\/\/local.abbataxihorgen.ch\/","name":"Abba Taxi Horgen","description":"","potentialAction":[{"@type":"SearchAction","target":{"@type":"EntryPoint","urlTemplate":"http:\/\/local.abbataxihorgen.ch\/?s={search_term_string}"},"query-input":{"@type":"PropertyValueSpecification","valueRequired":true,"valueName":"search_term_string"}}],"inLanguage":"de"}]}},"_links":{"self":[{"href":"https:\/\/www.abbataxihorgen.ch\/de\/wp-json\/wp\/v2\/pages\/18","targetHints":{"allow":["GET"]}}],"collection":[{"href":"https:\/\/www.abbataxihorgen.ch\/de\/wp-json\/wp\/v2\/pages"}],"about":[{"href":"https:\/\/www.abbataxihorgen.ch\/de\/wp-json\/wp\/v2\/types\/page"}],"author":[{"embeddable":true,"href":"https:\/\/www.abbataxihorgen.ch\/de\/wp-json\/wp\/v2\/users\/2"}],"replies":[{"embeddable":true,"href":"https:\/\/www.abbataxihorgen.ch\/de\/wp-json\/wp\/v2\/comments?post=18"}],"version-history":[{"count":3,"href":"https:\/\/www.abbataxihorgen.ch\/de\/wp-json\/wp\/v2\/pages\/18\/revisions"}],"predecessor-version":[{"id":308,"href":"https:\/\/www.abbataxihorgen.ch\/de\/wp-json\/wp\/v2\/pages\/18\/revisions\/308"}],"wp:attachment":[{"href":"https:\/\/www.abbataxihorgen.ch\/de\/wp-json\/wp\/v2\/media?parent=18"}],"curies":[{"name":"wp","href":"https:\/\/api.w.org\/{rel}","templated":true}]}}