{"id":3,"date":"2022-12-28T05:16:55","date_gmt":"2022-12-28T04:16:55","guid":{"rendered":"http:\/\/local.abbataxihorgen.ch\/?page_id=3"},"modified":"2023-01-01T07:21:09","modified_gmt":"2023-01-01T06:21:09","slug":"datenschutzerklaerung","status":"publish","type":"page","link":"https:\/\/www.abbataxihorgen.ch\/de\/datenschutzerklaerung\/","title":{"rendered":"Datenschutzerkl\u00e4rung"},"content":{"rendered":"<div class=\"elementor-widget-text-editor\">\n<h2>Datenschutz<\/h2>\n<p>Unsere verantwortliche Stelle f\u00fcr die geltenden Datenschutzgesetze, insbesondere der EU-Datenschutzgrundverordnung (DSGVO):<\/p>\n<p>Abba Taxi Horgen<br \/>\nE-Mail: <a class=\"button-inline\" href=\"mailto:info@abbataxihorgen.ch\">info@abbataxihorgen.ch<\/a><br \/>\nT: <a class=\"button-inline\" href=\"tel:+41774716611\">+41 77 471 66 11<\/a><\/p>\n<p>Link zum Impressum: <a class=\"button-inline\" href=\"https:\/\/www.abbataxihorgen.ch\/de\/impressum\/\">www.abbataxihorgen.ch\/de\/impressum\/<\/a><\/p>\n<h3>Ihre Rechte<\/h3>\n<p>Kommen Sie jederzeit auf uns zu, wenn Sie Fragen zu folgenden Rechten haben:<\/p>\n<ul>\n<li>Auskunft \u00fcber Ihre Daten und deren Verarbeitung<\/li>\n<li>Berichtigung Ihrer pers\u00f6nlicher Daten<\/li>\n<li>L\u00f6schung Ihrer bei uns gespeicherten Daten<\/li>\n<li>Einschr\u00e4nkung bei der Datenverarbeitung, oder falls wir diese aufgrund gesetzlicher Pflichten noch nicht l\u00f6schen d\u00fcrfen<\/li>\n<li>Widerspruch gegen die Verarbeitung Ihrer Daten<\/li>\n<li>Daten\u00fcbertragbarkeit, sofern Sie einen Vertrag mit uns abgeschlossen haben oder eine Bewilligung zur Datenverarbeitung vorliegt<\/li>\n<\/ul>\n<p>Eine einmal erteilte Einwilligung kann selbstverst\u00e4ndlich jederzeit widerrufen werden.<\/p>\n<h3>L\u00f6schung oder Sperrung Ihrer Daten<\/h3>\n<p>Datenvermeidung und Datensparsamkeit sind uns wichtig. Ihre Daten werden daher nur so lange gespeichert, wie dies zur Erreichung der hier genannten Zwecke erforderlich oder vom Gesetzgeber gefordert ist. Ihre personenbezogenen Daten werden nach Erf\u00fcllung des Zweckes, bzw. nach Ablauf der Fristen entsprechend der gesetzlichen Vorschriften routinem\u00e4ssig gesperrt oder gel\u00f6scht.<\/p>\n<h3>Zweck der Datenverarbeitung<\/h3>\n<p>Ihre personenbezogenen Daten werden nur zu den in dieser Datenschutzvereinbarung genannten Zwecken benutzt. Wir verzichten darauf, Ihre pers\u00f6nlichen Daten zu anderen als den genannten Zwecken an Dritte zu \u00fcbermitteln. Ihre pers\u00f6nlichen Daten werden ausschliesslich in folgenden F\u00e4llen an Dritte weitergegeben:<\/p>\n<ul>\n<li>Wenn Sie Ihre ausdr\u00fcckliche Einwilligung dazu erteilt haben<\/li>\n<li>Wenn die Verarbeitung zur Abwicklung eines Vertrags erforderlich ist<\/li>\n<li>Wenn die Verarbeitung zur Erf\u00fcllung einer rechtlichen Verpflichtung erforderlich ist<\/li>\n<li>Wenn die Verarbeitung zur Wahrung berechtigter Interessen erforderlich ist<\/li>\n<li>Wenn kein Grund zur Annahme besteht, dass Sie ein \u00fcberwiegendes schutzw\u00fcrdiges Interesse an der Nichtweitergabe Ihrer Daten haben<\/li>\n<\/ul>\n<h3>SSL-Verschl\u00fcsselung<\/h3>\n<p>Wir verwenden das dem aktuellsten Stand der Technik entsprechende Verschl\u00fcsselungsverfahren (z.B. SSL) \u00fcber HTTPS, um die Sicherheit Ihrer Daten bei der \u00dcbertragung zu gew\u00e4hrleisten.<\/p>\n<h3>\u00c4nderung unserer Datenschutz\u00adbestimmungen<\/h3>\n<p>Um aktuellen rechtlichen Forderungen gerecht zu werden oder \u00c4nderungen unserer Leistungen umzusetzen (z.B. bei der Einf\u00fchrung neuer Services), behalten wir uns vor, die vorliegende Datenschutzerkl\u00e4rung anzupassen. Bei Ihrem n\u00e4chsten Besuch gilt dann die neue Datenschutzerkl\u00e4rung.<\/p>\n<p>Soweit rechtlich erforderlich, haben wir zur vorstehend dargestellten Verarbeitung Ihrer Daten Ihre Einwilligung gem\u00e4ss Art. 6 Abs. 1 lit. a DSGVO eingeholt. Sie k\u00f6nnen Ihre erteilte Einwilligung jederzeit mit Wirkung f\u00fcr die Zukunft widerrufen. Um Ihren Widerruf auszu\u00fcben, befolgen Sie bitte die vorstehend geschilderte M\u00f6glichkeit zur Vornahme eines Widerspruchs.<\/p>\n<p>&nbsp;<\/p>\n<h3>Datenschutzerkl\u00e4rung f\u00fcr die Nutzung von Google Web Fonts<\/h3>\n<p>Diese Website nutzt zur einheitlichen Darstellung von Schriftarten so genannte Web Fonts, die von Google bereitgestellt werden. Beim Aufruf einer Seite l\u00e4dt Ihr Browser die ben\u00f6tigten Web Fonts in ihren Browsercache, um Texte und Schriftarten korrekt anzuzeigen. Wenn Ihr Browser Web Fonts nicht unterst\u00fctzt, wird eine Standardschrift von Ihrem Computer genutzt.<\/p>\n<p>Weitere Informationen zu Google Web Fonts finden Sie unter <a href=\"https:\/\/developers.google.com\/fonts\/faq\">https:\/\/developers.google.com\/fonts\/faq<\/a> und in der Datenschutzerkl\u00e4rung von Google: <a href=\"https:\/\/www.google.com\/policies\/privacy\/\">https:\/\/www.google.com\/policies\/privacy\/<\/a><\/p>\n<p>&nbsp;<\/p>\n<h3>Google Tag Manager<\/h3>\n<p>Google Tag Manager ist eine L\u00f6sung, mit der wir sog. Website-Tags \u00fcber eine Oberfl\u00e4che verwalten k\u00f6nnen und so z.B. Google Analytics sowie andere Google-Marketing-Dienste in unser Onlineangebot einbinden k\u00f6nnen. Der Tag Manager selbst, welcher die Tags implementiert, verarbeitet keine personenbezogenen Daten der Nutzer. Im Hinblick auf die Verarbeitung der personenbezogenen Daten der Nutzer wird auf die folgenden Angaben zu den Google-Diensten verwiesen. Nutzungsrichtlinien: <a href=\"https:\/\/www.google.com\/intl\/de\/tagmanager\/use-policy.html\">GTM-Policy<\/a>.<\/p>\n<p>&nbsp;<\/p>\n<h3>Datenschutzerkl\u00e4rung f\u00fcr Google Analytics<\/h3>\n<p>Diese Website benutzt Google Analytics, einen Webanalysedienst der Google Ireland Limited. Wenn der Verantwortliche f\u00fcr die Datenverarbeitung auf dieser Website ausserhalb des Europ\u00e4ischen Wirtschaftsraumes oder der Schweiz sitzt, dann erfolgt die Google Analytics Datenverarbeitung durch Google LLC. Google LLC und Google Ireland Limited werden nachfolgend \u00abGoogle\u00bb genannt.<\/p>\n<p>\u00dcber die gewonnenen Statistiken k\u00f6nnen wir unser Angebot verbessern und f\u00fcr Sie als Nutzer interessanter ausgestalten. Diese Website verwendet Google Analytics zudem f\u00fcr eine ger\u00e4te\u00fcbergreifende Analyse von Besucherstr\u00f6men, die \u00fcber eine User-ID durchgef\u00fchrt wird. Sofern Sie \u00fcber ein Google-Benutzerkonto verf\u00fcgen, k\u00f6nnen Sie in den dortigen Einstellungen unter \u00abMeine Daten\u00bb, \u00abpers\u00f6nliche Daten\u00bb die ger\u00e4te\u00fcbergreifende Analyse Ihrer Nutzung deaktivieren.<\/p>\n<p>Rechtsgrundlage f\u00fcr die Nutzung von Google Analytics ist Art. 6 Abs. 1 S. 1 lit. f DS-GVO. Die im Rahmen von Google Analytics von Ihrem Browser \u00fcbermittelte IP-Adresse wird nicht mit anderen Daten von Google zusammengef\u00fchrt. Wir weisen Sie darauf hin, dass auf dieser Website Google Analytics um den Code \u00ab_anonymizeIp();\u00bb erweitert wurde, um eine anonymisierte Erfassung von IP-Adressen zu gew\u00e4hrleisten. Dadurch werden IP-Adressen gek\u00fcrzt weiterverarbeitet, eine Personenbeziehbarkeit kann damit ausgeschlossen werden. Soweit den \u00fcber Sie erhobenen Daten ein Personenbezug zukommt, wird dieser also sofort ausgeschlossen und die personenbezogenen Daten damit umgehend gel\u00f6scht.<\/p>\n<p>Nur in Ausnahmef\u00e4llen wird die volle IP-Adresse an einen Server von Google in den USA \u00fcbertragen und dort gek\u00fcrzt. Im Auftrag des Betreibers dieser Website wird Google diese Informationen benutzen, um Ihre Nutzung der Website auszuwerten, um Reports \u00fcber die Websitenaktivit\u00e4ten zusammenzustellen und um weitere mit der Websitennutzung und der Internetnutzung verbundene Dienstleistungen gegen\u00fcber dem Websitenbetreiber zu erbringen. F\u00fcr die Ausnahmef\u00e4lle, in denen personenbezogene Daten in die USA \u00fcbertragen werden, hat sich Google dem EU-US Privacy Shield unterworfen, https:\/\/www.privacyshield.gov\/EU-US-Framework.<\/p>\n<p>Google Analytics verwendet Cookies. Die durch den Cookie erzeugten Informationen \u00fcber Ihre Benutzung dieser Website werden in der Regel an einen Server von Google in den USA \u00fcbertragen und dort gespeichert. Sie k\u00f6nnen die Speicherung der Cookies durch eine entsprechende Einstellung Ihrer Browser-Software verhindern; wir weisen Sie jedoch darauf hin, dass Sie in diesem Fall gegebenenfalls nicht s\u00e4mtliche Funktionen dieser Website vollumf\u00e4nglich werden nutzen k\u00f6nnen. Sie k\u00f6nnen dar\u00fcber hinaus die Erfassung der durch das Cookie erzeugten und auf Ihre Nutzung der Website bezogenen Daten (inkl. Ihrer IP-Adresse) an Google sowie die Verarbeitung dieser Daten durch Google verhindern, indem sie das unter dem folgenden Link verf\u00fcgbare Browser-Plugin herunterladen und installieren: Google Analytics deaktivieren.<\/p>\n<p>Ausserdem k\u00f6nnen Sie die Nutzung von Google Analytics auch verhindern, indem sie auf diesen Link klicken: Google Analytics deaktivieren. Hierdurch wird ein sog. opt-out Cookie auf ihrem Datentr\u00e4ger gespeichert, der die Verarbeitung personenbezogener Daten durch Google Analytics verhindert. Bitte beachten Sie, dass bei einem L\u00f6schen s\u00e4mtlicher Cookies auf Ihrem Endger\u00e4t auch diese Opt-out-Cookies gel\u00f6scht werden, d.h., dass Sie erneut die Opt-out-Cookies setzen m\u00fcssen, wenn Sie weiterhin diese Form der Datenerhebung verhindern wollen. Die Opt-out-Cookies sind pro Browser und Rechner\/Endger\u00e4t gesetzt und m\u00fcssen daher f\u00fcr jeden Browser, Rechner oder anderes Endger\u00e4t gesondert aktiviert werden.<\/p><\/div>\n","protected":false},"excerpt":{"rendered":"<p>Datenschutz Unsere verantwortliche Stelle f\u00fcr die geltenden Datenschutzgesetze, insbesondere der EU-Datenschutzgrundverordnung (DSGVO): Abba Taxi Horgen E-Mail: info@abbataxihorgen.ch T: +41 77 471 66 11 Link zum Impressum: www.abbataxihorgen.ch\/de\/impressum\/ Ihre Rechte Kommen Sie jederzeit auf uns zu, wenn Sie Fragen zu folgenden Rechten haben: Auskunft \u00fcber Ihre Daten und deren Verarbeitung Berichtigung Ihrer pers\u00f6nlicher Daten L\u00f6schung Ihrer [&hellip;]<\/p>\n","protected":false},"author":2,"featured_media":0,"parent":0,"menu_order":0,"comment_status":"closed","ping_status":"open","template":"","meta":{"footnotes":""},"class_list":["post-3","page","type-page","status-publish","hentry"],"yoast_head":"<!-- This site is optimized with the Yoast SEO plugin v25.6 - https:\/\/yoast.com\/wordpress\/plugins\/seo\/ -->\n<title>Datenschutzerkl\u00e4rung - Abba Taxi Horgen<\/title>\n<meta name=\"robots\" content=\"index, follow, max-snippet:-1, max-image-preview:large, max-video-preview:-1\" \/>\n<link rel=\"canonical\" href=\"https:\/\/www.abbataxihorgen.ch\/de\/datenschutzerklaerung\/\" \/>\n<meta property=\"og:locale\" content=\"de_DE\" \/>\n<meta property=\"og:type\" content=\"article\" \/>\n<meta property=\"og:title\" content=\"Datenschutzerkl\u00e4rung - Abba Taxi Horgen\" \/>\n<meta property=\"og:description\" content=\"Datenschutz Unsere verantwortliche Stelle f\u00fcr die geltenden Datenschutzgesetze, insbesondere der EU-Datenschutzgrundverordnung (DSGVO): Abba Taxi Horgen E-Mail: info@abbataxihorgen.ch T: +41 77 471 66 11 Link zum Impressum: www.abbataxihorgen.ch\/de\/impressum\/ Ihre Rechte Kommen Sie jederzeit auf uns zu, wenn Sie Fragen zu folgenden Rechten haben: Auskunft \u00fcber Ihre Daten und deren Verarbeitung Berichtigung Ihrer pers\u00f6nlicher Daten L\u00f6schung Ihrer [&hellip;]\" \/>\n<meta property=\"og:url\" content=\"https:\/\/www.abbataxihorgen.ch\/de\/datenschutzerklaerung\/\" \/>\n<meta property=\"og:site_name\" content=\"Abba Taxi Horgen\" \/>\n<meta property=\"article:modified_time\" content=\"2023-01-01T06:21:09+00:00\" \/>\n<meta name=\"twitter:card\" content=\"summary_large_image\" \/>\n<meta name=\"twitter:label1\" content=\"Gesch\u00e4tzte Lesezeit\" \/>\n\t<meta name=\"twitter:data1\" content=\"6\u00a0Minuten\" \/>\n<script type=\"application\/ld+json\" class=\"yoast-schema-graph\">{\"@context\":\"https:\/\/schema.org\",\"@graph\":[{\"@type\":\"WebPage\",\"@id\":\"https:\/\/www.abbataxihorgen.ch\/de\/datenschutzerklaerung\/\",\"url\":\"https:\/\/www.abbataxihorgen.ch\/de\/datenschutzerklaerung\/\",\"name\":\"Datenschutzerkl\u00e4rung - Abba Taxi Horgen\",\"isPartOf\":{\"@id\":\"http:\/\/local.abbataxihorgen.ch\/#website\"},\"datePublished\":\"2022-12-28T04:16:55+00:00\",\"dateModified\":\"2023-01-01T06:21:09+00:00\",\"breadcrumb\":{\"@id\":\"https:\/\/www.abbataxihorgen.ch\/de\/datenschutzerklaerung\/#breadcrumb\"},\"inLanguage\":\"de\",\"potentialAction\":[{\"@type\":\"ReadAction\",\"target\":[\"https:\/\/www.abbataxihorgen.ch\/de\/datenschutzerklaerung\/\"]}]},{\"@type\":\"BreadcrumbList\",\"@id\":\"https:\/\/www.abbataxihorgen.ch\/de\/datenschutzerklaerung\/#breadcrumb\",\"itemListElement\":[{\"@type\":\"ListItem\",\"position\":1,\"name\":\"Startseite\",\"item\":\"https:\/\/www.abbataxihorgen.ch\/de\/\"},{\"@type\":\"ListItem\",\"position\":2,\"name\":\"Datenschutzerkl\u00e4rung\"}]},{\"@type\":\"WebSite\",\"@id\":\"http:\/\/local.abbataxihorgen.ch\/#website\",\"url\":\"http:\/\/local.abbataxihorgen.ch\/\",\"name\":\"Abba Taxi Horgen\",\"description\":\"\",\"potentialAction\":[{\"@type\":\"SearchAction\",\"target\":{\"@type\":\"EntryPoint\",\"urlTemplate\":\"http:\/\/local.abbataxihorgen.ch\/?s={search_term_string}\"},\"query-input\":{\"@type\":\"PropertyValueSpecification\",\"valueRequired\":true,\"valueName\":\"search_term_string\"}}],\"inLanguage\":\"de\"}]}<\/script>\n<!-- \/ Yoast SEO plugin. -->","yoast_head_json":{"title":"Datenschutzerkl\u00e4rung - Abba Taxi Horgen","robots":{"index":"index","follow":"follow","max-snippet":"max-snippet:-1","max-image-preview":"max-image-preview:large","max-video-preview":"max-video-preview:-1"},"canonical":"https:\/\/www.abbataxihorgen.ch\/de\/datenschutzerklaerung\/","og_locale":"de_DE","og_type":"article","og_title":"Datenschutzerkl\u00e4rung - Abba Taxi Horgen","og_description":"Datenschutz Unsere verantwortliche Stelle f\u00fcr die geltenden Datenschutzgesetze, insbesondere der EU-Datenschutzgrundverordnung (DSGVO): Abba Taxi Horgen E-Mail: info@abbataxihorgen.ch T: +41 77 471 66 11 Link zum Impressum: www.abbataxihorgen.ch\/de\/impressum\/ Ihre Rechte Kommen Sie jederzeit auf uns zu, wenn Sie Fragen zu folgenden Rechten haben: Auskunft \u00fcber Ihre Daten und deren Verarbeitung Berichtigung Ihrer pers\u00f6nlicher Daten L\u00f6schung Ihrer [&hellip;]","og_url":"https:\/\/www.abbataxihorgen.ch\/de\/datenschutzerklaerung\/","og_site_name":"Abba Taxi Horgen","article_modified_time":"2023-01-01T06:21:09+00:00","twitter_card":"summary_large_image","twitter_misc":{"Gesch\u00e4tzte Lesezeit":"6\u00a0Minuten"},"schema":{"@context":"https:\/\/schema.org","@graph":[{"@type":"WebPage","@id":"https:\/\/www.abbataxihorgen.ch\/de\/datenschutzerklaerung\/","url":"https:\/\/www.abbataxihorgen.ch\/de\/datenschutzerklaerung\/","name":"Datenschutzerkl\u00e4rung - Abba Taxi Horgen","isPartOf":{"@id":"http:\/\/local.abbataxihorgen.ch\/#website"},"datePublished":"2022-12-28T04:16:55+00:00","dateModified":"2023-01-01T06:21:09+00:00","breadcrumb":{"@id":"https:\/\/www.abbataxihorgen.ch\/de\/datenschutzerklaerung\/#breadcrumb"},"inLanguage":"de","potentialAction":[{"@type":"ReadAction","target":["https:\/\/www.abbataxihorgen.ch\/de\/datenschutzerklaerung\/"]}]},{"@type":"BreadcrumbList","@id":"https:\/\/www.abbataxihorgen.ch\/de\/datenschutzerklaerung\/#breadcrumb","itemListElement":[{"@type":"ListItem","position":1,"name":"Startseite","item":"https:\/\/www.abbataxihorgen.ch\/de\/"},{"@type":"ListItem","position":2,"name":"Datenschutzerkl\u00e4rung"}]},{"@type":"WebSite","@id":"http:\/\/local.abbataxihorgen.ch\/#website","url":"http:\/\/local.abbataxihorgen.ch\/","name":"Abba Taxi Horgen","description":"","potentialAction":[{"@type":"SearchAction","target":{"@type":"EntryPoint","urlTemplate":"http:\/\/local.abbataxihorgen.ch\/?s={search_term_string}"},"query-input":{"@type":"PropertyValueSpecification","valueRequired":true,"valueName":"search_term_string"}}],"inLanguage":"de"}]}},"_links":{"self":[{"href":"https:\/\/www.abbataxihorgen.ch\/de\/wp-json\/wp\/v2\/pages\/3","targetHints":{"allow":["GET"]}}],"collection":[{"href":"https:\/\/www.abbataxihorgen.ch\/de\/wp-json\/wp\/v2\/pages"}],"about":[{"href":"https:\/\/www.abbataxihorgen.ch\/de\/wp-json\/wp\/v2\/types\/page"}],"author":[{"embeddable":true,"href":"https:\/\/www.abbataxihorgen.ch\/de\/wp-json\/wp\/v2\/users\/2"}],"replies":[{"embeddable":true,"href":"https:\/\/www.abbataxihorgen.ch\/de\/wp-json\/wp\/v2\/comments?post=3"}],"version-history":[{"count":11,"href":"https:\/\/www.abbataxihorgen.ch\/de\/wp-json\/wp\/v2\/pages\/3\/revisions"}],"predecessor-version":[{"id":383,"href":"https:\/\/www.abbataxihorgen.ch\/de\/wp-json\/wp\/v2\/pages\/3\/revisions\/383"}],"wp:attachment":[{"href":"https:\/\/www.abbataxihorgen.ch\/de\/wp-json\/wp\/v2\/media?parent=3"}],"curies":[{"name":"wp","href":"https:\/\/api.w.org\/{rel}","templated":true}]}}