{"id":369,"date":"2023-01-01T07:12:41","date_gmt":"2023-01-01T06:12:41","guid":{"rendered":"https:\/\/www.abbataxihorgen.ch\/?page_id=369"},"modified":"2023-01-01T07:13:35","modified_gmt":"2023-01-01T06:13:35","slug":"impressum","status":"publish","type":"page","link":"https:\/\/www.abbataxihorgen.ch\/de\/impressum\/","title":{"rendered":"Impressum"},"content":{"rendered":"<div class=\"elementor-widget-text-editor\">\n<h3>Herausgeber<\/h3>\n<p>Abba Taxi Horgen<br \/>\nAnja Messmer<br \/>\nTel.: <a href=\"tel:+41774716611\">+41 77 471 66 11<\/a><br \/>\nE-Mail: <a href=\"mailto:info@abbataxihorgen.ch\">info@abbataxihorgen.ch<\/a><br \/>\nWebsite: <a href=\"https:\/\/www.abbataxihorgen.ch\">www.abbataxihorgen.ch<\/a><\/p>\n<h3>Konzept und Inhalt<\/h3>\n<p>Abba Taxi Horgen, Anja Messmer<\/p>\n<h3>Haftungsausschluss<\/h3>\n<p>Herausgeber und Autoren \u00fcbernehmen keinerlei Gew\u00e4hr hinsichtlich der inhaltlichen Richtigkeit, Genauigkeit, Aktualit\u00e4t, Zuverl\u00e4ssigkeit und Vollst\u00e4ndigkeit der Informationen.<br \/>\nHaftungsanspr\u00fcche gegen Herausgeber oder Autoren wegen Sch\u00e4den materieller oder immaterieller Art, welche aus dem Zugriff oder der Nutzung bzw. Nichtnutzung der ver\u00f6ffentlichten Informationen, durch Missbrauch der Verbindung oder durch technische St\u00f6rungen entstanden sind, werden ausgeschlossen.<br \/>\nAlle Angebote sind unverbindlich. Abba Taxi Horgen beh\u00e4lt es sich vor, Teile der Seiten oder das gesamte Angebot ohne gesonderte Ank\u00fcndigung zu ver\u00e4ndern, zu erg\u00e4nzen, zu l\u00f6schen oder die Ver\u00f6ffentlichung zeitweise oder endg\u00fcltig einzustellen.<\/p>\n<h3>Haftung f\u00fcr Links<\/h3>\n<p>Verweise und Links auf Webseiten Dritter liegen ausserhalb unseres Verantwortungsbereichs. Es wird jegliche Verantwortung f\u00fcr solche Webseiten abgelehnt. Der Zugriff und die Nutzung solcher Webseiten erfolgen auf eigene Gefahr des Nutzers oder der Nutzerin.<\/p>\n<h3>Urheberrechte<\/h3>\n<p>Die Urheber- und alle anderen Rechte an Inhalten, Bildern, Fotos oder anderen Dateien auf der Website geh\u00f6ren ausschliesslich der Abba Taxi Horgen oder den speziell genannten Rechtsinhabern. F\u00fcr die Reproduktion jeglicher Elemente gelten die Markenrechte.<\/p>\n<\/div>\n","protected":false},"excerpt":{"rendered":"<p>Herausgeber Abba Taxi Horgen Anja Messmer Tel.: +41 77 471 66 11 E-Mail: info@abbataxihorgen.ch Website: www.abbataxihorgen.ch Konzept und Inhalt Abba Taxi Horgen, Anja Messmer Haftungsausschluss Herausgeber und Autoren \u00fcbernehmen keinerlei Gew\u00e4hr hinsichtlich der inhaltlichen Richtigkeit, Genauigkeit, Aktualit\u00e4t, Zuverl\u00e4ssigkeit und Vollst\u00e4ndigkeit der Informationen. Haftungsanspr\u00fcche gegen Herausgeber oder Autoren wegen Sch\u00e4den materieller oder immaterieller Art, welche aus [&hellip;]<\/p>\n","protected":false},"author":1,"featured_media":0,"parent":0,"menu_order":0,"comment_status":"closed","ping_status":"closed","template":"","meta":{"footnotes":""},"class_list":["post-369","page","type-page","status-publish","hentry"],"yoast_head":"<!-- This site is optimized with the Yoast SEO plugin v25.6 - https:\/\/yoast.com\/wordpress\/plugins\/seo\/ -->\n<title>Impressum - Abba Taxi Horgen<\/title>\n<meta name=\"robots\" content=\"index, follow, max-snippet:-1, max-image-preview:large, max-video-preview:-1\" \/>\n<link rel=\"canonical\" href=\"https:\/\/www.abbataxihorgen.ch\/de\/impressum\/\" \/>\n<meta property=\"og:locale\" content=\"de_DE\" \/>\n<meta property=\"og:type\" content=\"article\" \/>\n<meta property=\"og:title\" content=\"Impressum - Abba Taxi Horgen\" \/>\n<meta property=\"og:description\" content=\"Herausgeber Abba Taxi Horgen Anja Messmer Tel.: +41 77 471 66 11 E-Mail: info@abbataxihorgen.ch Website: www.abbataxihorgen.ch Konzept und Inhalt Abba Taxi Horgen, Anja Messmer Haftungsausschluss Herausgeber und Autoren \u00fcbernehmen keinerlei Gew\u00e4hr hinsichtlich der inhaltlichen Richtigkeit, Genauigkeit, Aktualit\u00e4t, Zuverl\u00e4ssigkeit und Vollst\u00e4ndigkeit der Informationen. Haftungsanspr\u00fcche gegen Herausgeber oder Autoren wegen Sch\u00e4den materieller oder immaterieller Art, welche aus [&hellip;]\" \/>\n<meta property=\"og:url\" content=\"https:\/\/www.abbataxihorgen.ch\/de\/impressum\/\" \/>\n<meta property=\"og:site_name\" content=\"Abba Taxi Horgen\" \/>\n<meta property=\"article:modified_time\" content=\"2023-01-01T06:13:35+00:00\" \/>\n<meta name=\"twitter:card\" content=\"summary_large_image\" \/>\n<meta name=\"twitter:label1\" content=\"Gesch\u00e4tzte Lesezeit\" \/>\n\t<meta name=\"twitter:data1\" content=\"2\u00a0Minuten\" \/>\n<script type=\"application\/ld+json\" class=\"yoast-schema-graph\">{\"@context\":\"https:\/\/schema.org\",\"@graph\":[{\"@type\":\"WebPage\",\"@id\":\"https:\/\/www.abbataxihorgen.ch\/de\/impressum\/\",\"url\":\"https:\/\/www.abbataxihorgen.ch\/de\/impressum\/\",\"name\":\"Impressum - Abba Taxi Horgen\",\"isPartOf\":{\"@id\":\"http:\/\/local.abbataxihorgen.ch\/#website\"},\"datePublished\":\"2023-01-01T06:12:41+00:00\",\"dateModified\":\"2023-01-01T06:13:35+00:00\",\"breadcrumb\":{\"@id\":\"https:\/\/www.abbataxihorgen.ch\/de\/impressum\/#breadcrumb\"},\"inLanguage\":\"de\",\"potentialAction\":[{\"@type\":\"ReadAction\",\"target\":[\"https:\/\/www.abbataxihorgen.ch\/de\/impressum\/\"]}]},{\"@type\":\"BreadcrumbList\",\"@id\":\"https:\/\/www.abbataxihorgen.ch\/de\/impressum\/#breadcrumb\",\"itemListElement\":[{\"@type\":\"ListItem\",\"position\":1,\"name\":\"Startseite\",\"item\":\"https:\/\/www.abbataxihorgen.ch\/de\/\"},{\"@type\":\"ListItem\",\"position\":2,\"name\":\"Impressum\"}]},{\"@type\":\"WebSite\",\"@id\":\"http:\/\/local.abbataxihorgen.ch\/#website\",\"url\":\"http:\/\/local.abbataxihorgen.ch\/\",\"name\":\"Abba Taxi Horgen\",\"description\":\"\",\"potentialAction\":[{\"@type\":\"SearchAction\",\"target\":{\"@type\":\"EntryPoint\",\"urlTemplate\":\"http:\/\/local.abbataxihorgen.ch\/?s={search_term_string}\"},\"query-input\":{\"@type\":\"PropertyValueSpecification\",\"valueRequired\":true,\"valueName\":\"search_term_string\"}}],\"inLanguage\":\"de\"}]}<\/script>\n<!-- \/ Yoast SEO plugin. -->","yoast_head_json":{"title":"Impressum - Abba Taxi Horgen","robots":{"index":"index","follow":"follow","max-snippet":"max-snippet:-1","max-image-preview":"max-image-preview:large","max-video-preview":"max-video-preview:-1"},"canonical":"https:\/\/www.abbataxihorgen.ch\/de\/impressum\/","og_locale":"de_DE","og_type":"article","og_title":"Impressum - Abba Taxi Horgen","og_description":"Herausgeber Abba Taxi Horgen Anja Messmer Tel.: +41 77 471 66 11 E-Mail: info@abbataxihorgen.ch Website: www.abbataxihorgen.ch Konzept und Inhalt Abba Taxi Horgen, Anja Messmer Haftungsausschluss Herausgeber und Autoren \u00fcbernehmen keinerlei Gew\u00e4hr hinsichtlich der inhaltlichen Richtigkeit, Genauigkeit, Aktualit\u00e4t, Zuverl\u00e4ssigkeit und Vollst\u00e4ndigkeit der Informationen. Haftungsanspr\u00fcche gegen Herausgeber oder Autoren wegen Sch\u00e4den materieller oder immaterieller Art, welche aus [&hellip;]","og_url":"https:\/\/www.abbataxihorgen.ch\/de\/impressum\/","og_site_name":"Abba Taxi Horgen","article_modified_time":"2023-01-01T06:13:35+00:00","twitter_card":"summary_large_image","twitter_misc":{"Gesch\u00e4tzte Lesezeit":"2\u00a0Minuten"},"schema":{"@context":"https:\/\/schema.org","@graph":[{"@type":"WebPage","@id":"https:\/\/www.abbataxihorgen.ch\/de\/impressum\/","url":"https:\/\/www.abbataxihorgen.ch\/de\/impressum\/","name":"Impressum - Abba Taxi Horgen","isPartOf":{"@id":"http:\/\/local.abbataxihorgen.ch\/#website"},"datePublished":"2023-01-01T06:12:41+00:00","dateModified":"2023-01-01T06:13:35+00:00","breadcrumb":{"@id":"https:\/\/www.abbataxihorgen.ch\/de\/impressum\/#breadcrumb"},"inLanguage":"de","potentialAction":[{"@type":"ReadAction","target":["https:\/\/www.abbataxihorgen.ch\/de\/impressum\/"]}]},{"@type":"BreadcrumbList","@id":"https:\/\/www.abbataxihorgen.ch\/de\/impressum\/#breadcrumb","itemListElement":[{"@type":"ListItem","position":1,"name":"Startseite","item":"https:\/\/www.abbataxihorgen.ch\/de\/"},{"@type":"ListItem","position":2,"name":"Impressum"}]},{"@type":"WebSite","@id":"http:\/\/local.abbataxihorgen.ch\/#website","url":"http:\/\/local.abbataxihorgen.ch\/","name":"Abba Taxi Horgen","description":"","potentialAction":[{"@type":"SearchAction","target":{"@type":"EntryPoint","urlTemplate":"http:\/\/local.abbataxihorgen.ch\/?s={search_term_string}"},"query-input":{"@type":"PropertyValueSpecification","valueRequired":true,"valueName":"search_term_string"}}],"inLanguage":"de"}]}},"_links":{"self":[{"href":"https:\/\/www.abbataxihorgen.ch\/de\/wp-json\/wp\/v2\/pages\/369","targetHints":{"allow":["GET"]}}],"collection":[{"href":"https:\/\/www.abbataxihorgen.ch\/de\/wp-json\/wp\/v2\/pages"}],"about":[{"href":"https:\/\/www.abbataxihorgen.ch\/de\/wp-json\/wp\/v2\/types\/page"}],"author":[{"embeddable":true,"href":"https:\/\/www.abbataxihorgen.ch\/de\/wp-json\/wp\/v2\/users\/1"}],"replies":[{"embeddable":true,"href":"https:\/\/www.abbataxihorgen.ch\/de\/wp-json\/wp\/v2\/comments?post=369"}],"version-history":[{"count":2,"href":"https:\/\/www.abbataxihorgen.ch\/de\/wp-json\/wp\/v2\/pages\/369\/revisions"}],"predecessor-version":[{"id":371,"href":"https:\/\/www.abbataxihorgen.ch\/de\/wp-json\/wp\/v2\/pages\/369\/revisions\/371"}],"wp:attachment":[{"href":"https:\/\/www.abbataxihorgen.ch\/de\/wp-json\/wp\/v2\/media?parent=369"}],"curies":[{"name":"wp","href":"https:\/\/api.w.org\/{rel}","templated":true}]}}