{"id":9,"date":"2022-12-28T06:16:05","date_gmt":"2022-12-28T05:16:05","guid":{"rendered":"http:\/\/local.abbataxihorgen.ch\/?page_id=9"},"modified":"2025-09-22T11:19:42","modified_gmt":"2025-09-22T09:19:42","slug":"home","status":"publish","type":"page","link":"https:\/\/www.abbataxihorgen.ch\/de\/","title":{"rendered":"Home"},"content":{"rendered":"\t\t<div data-elementor-type=\"wp-page\" data-elementor-id=\"9\" class=\"elementor elementor-9\">\n\t\t\t\t\t\t<section class=\"elementor-section elementor-top-section elementor-element elementor-element-97f9e2f elementor-section-full_width image-text-section elementor-section-height-default elementor-section-height-default\" data-id=\"97f9e2f\" data-element_type=\"section\">\n\t\t\t\t\t\t<div class=\"elementor-container elementor-column-gap-default\">\n\t\t\t\t\t<div class=\"elementor-column elementor-col-100 elementor-top-column elementor-element elementor-element-b6cc801\" data-id=\"b6cc801\" data-element_type=\"column\">\n\t\t\t<div class=\"elementor-widget-wrap elementor-element-populated\">\n\t\t\t\t\t\t<div class=\"elementor-element elementor-element-e9ff4be elementor-widget elementor-widget-image-carousel\" data-id=\"e9ff4be\" data-element_type=\"widget\" data-settings=\"{&quot;slides_to_show&quot;:&quot;1&quot;,&quot;navigation&quot;:&quot;none&quot;,&quot;autoplay_speed&quot;:3000,&quot;autoplay&quot;:&quot;yes&quot;,&quot;pause_on_hover&quot;:&quot;yes&quot;,&quot;pause_on_interaction&quot;:&quot;yes&quot;,&quot;infinite&quot;:&quot;yes&quot;,&quot;effect&quot;:&quot;slide&quot;,&quot;speed&quot;:500}\" data-widget_type=\"image-carousel.default\">\n\t\t\t\t<div class=\"elementor-widget-container\">\n\t\t\t\t\t\t\t<div class=\"elementor-image-carousel-wrapper swiper\" role=\"region\" aria-roledescription=\"carousel\" aria-label=\"Bild Karussell\" dir=\"ltr\">\n\t\t\t<div class=\"elementor-image-carousel swiper-wrapper\" aria-live=\"off\">\n\t\t\t\t\t\t\t\t<div class=\"swiper-slide\" role=\"group\" aria-roledescription=\"slide\" aria-label=\"1 von 4\"><figure class=\"swiper-slide-inner\"><img decoding=\"async\" class=\"swiper-slide-image\" src=\"https:\/\/www.abbataxihorgen.ch\/wp-content\/uploads\/2022\/12\/car-home-1-870x595.jpeg\" alt=\"car-home\" \/><\/figure><\/div><div class=\"swiper-slide\" role=\"group\" aria-roledescription=\"slide\" aria-label=\"2 von 4\"><figure class=\"swiper-slide-inner\"><img decoding=\"async\" class=\"swiper-slide-image\" src=\"https:\/\/www.abbataxihorgen.ch\/wp-content\/uploads\/2022\/12\/innenansicht-870x595.jpg\" alt=\"innenansicht\" \/><\/figure><\/div><div class=\"swiper-slide\" role=\"group\" aria-roledescription=\"slide\" aria-label=\"3 von 4\"><figure class=\"swiper-slide-inner\"><img decoding=\"async\" class=\"swiper-slide-image\" src=\"https:\/\/www.abbataxihorgen.ch\/wp-content\/uploads\/2022\/12\/mercedes-home-1-870x595.jpeg\" alt=\"mercedes-home\" \/><\/figure><\/div><div class=\"swiper-slide\" role=\"group\" aria-roledescription=\"slide\" aria-label=\"4 von 4\"><figure class=\"swiper-slide-inner\"><img decoding=\"async\" class=\"swiper-slide-image\" src=\"https:\/\/www.abbataxihorgen.ch\/wp-content\/uploads\/2022\/12\/auto-870x554.jpg\" alt=\"auto\" \/><\/figure><\/div>\t\t\t<\/div>\n\t\t\t\t\t\t\t\n\t\t\t\t\t\t\t\t\t<\/div>\n\t\t\t\t\t\t<\/div>\n\t\t\t\t<\/div>\n\t\t\t\t<div class=\"elementor-element elementor-element-2b8f8b0 slider-descr elementor-widget elementor-widget-text-editor\" data-id=\"2b8f8b0\" data-element_type=\"widget\" data-widget_type=\"text-editor.default\">\n\t\t\t\t<div class=\"elementor-widget-container\">\n\t\t\t\t\t\t\t\t\t<p>Herzlich willkommen bei <strong>Abba Taxi Horgen<\/strong>!<\/p><p>Wir fahren Sie zu <strong>fairen Preisen<\/strong> an Ihren Zielort \u2013 und das <strong>24\/7<\/strong>!<\/p><p>Abba Taxi Horgen steht f\u00fcr <strong>Freundlichkeit<\/strong><strong>,<\/strong> <strong>Zuverl\u00e4ssigkeit<\/strong> und <strong>P\u00fcnktlichkeit<\/strong>.<\/p><p><a href=\"tel:+41774716611\"><strong>Jetzt Taxi bestellen!<\/strong><\/a><\/p>\t\t\t\t\t\t\t\t<\/div>\n\t\t\t\t<\/div>\n\t\t\t\t\t<\/div>\n\t\t<\/div>\n\t\t\t\t\t<\/div>\n\t\t<\/section>\n\t\t\t\t<\/div>\n\t\t","protected":false},"excerpt":{"rendered":"<p>Herzlich willkommen bei Abba Taxi Horgen! Wir fahren Sie zu fairen Preisen an Ihren Zielort \u2013 und das 24\/7! Abba Taxi Horgen steht f\u00fcr Freundlichkeit, Zuverl\u00e4ssigkeit und P\u00fcnktlichkeit. Jetzt Taxi bestellen!<\/p>\n","protected":false},"author":2,"featured_media":0,"parent":0,"menu_order":0,"comment_status":"closed","ping_status":"closed","template":"","meta":{"footnotes":""},"class_list":["post-9","page","type-page","status-publish","hentry"],"yoast_head":"<!-- This site is optimized with the Yoast SEO plugin v25.6 - https:\/\/yoast.com\/wordpress\/plugins\/seo\/ -->\n<title>Home - Abba Taxi Horgen<\/title>\n<meta name=\"description\" content=\"Abba Taxi Horgen, Inh. Anja Messmer, freundlich, zuverl\u00e4ssig und p\u00fcnktlich.\" \/>\n<meta name=\"robots\" content=\"index, follow, max-snippet:-1, max-image-preview:large, max-video-preview:-1\" \/>\n<link rel=\"canonical\" href=\"https:\/\/www.abbataxihorgen.ch\/de\/\" \/>\n<meta property=\"og:locale\" content=\"de_DE\" \/>\n<meta property=\"og:type\" content=\"article\" \/>\n<meta property=\"og:title\" content=\"Home - Abba Taxi Horgen\" \/>\n<meta property=\"og:description\" content=\"Abba Taxi Horgen, Inh. Anja Messmer, freundlich, zuverl\u00e4ssig und p\u00fcnktlich.\" \/>\n<meta property=\"og:url\" content=\"https:\/\/www.abbataxihorgen.ch\/de\/\" \/>\n<meta property=\"og:site_name\" content=\"Abba Taxi Horgen\" \/>\n<meta property=\"article:modified_time\" content=\"2025-09-22T09:19:42+00:00\" \/>\n<meta property=\"og:image\" content=\"https:\/\/www.abbataxihorgen.ch\/wp-content\/uploads\/2022\/12\/car-home-1-870x595.jpeg\" \/>\n<meta name=\"twitter:card\" content=\"summary_large_image\" \/>\n<meta name=\"twitter:label1\" content=\"Gesch\u00e4tzte Lesezeit\" \/>\n\t<meta name=\"twitter:data1\" content=\"2\u00a0Minuten\" \/>\n<script type=\"application\/ld+json\" class=\"yoast-schema-graph\">{\"@context\":\"https:\/\/schema.org\",\"@graph\":[{\"@type\":\"WebPage\",\"@id\":\"https:\/\/www.abbataxihorgen.ch\/de\/\",\"url\":\"https:\/\/www.abbataxihorgen.ch\/de\/\",\"name\":\"Home - Abba Taxi Horgen\",\"isPartOf\":{\"@id\":\"http:\/\/local.abbataxihorgen.ch\/#website\"},\"primaryImageOfPage\":{\"@id\":\"https:\/\/www.abbataxihorgen.ch\/de\/#primaryimage\"},\"image\":{\"@id\":\"https:\/\/www.abbataxihorgen.ch\/de\/#primaryimage\"},\"thumbnailUrl\":\"https:\/\/www.abbataxihorgen.ch\/wp-content\/uploads\/2022\/12\/car-home-1-870x595.jpeg\",\"datePublished\":\"2022-12-28T05:16:05+00:00\",\"dateModified\":\"2025-09-22T09:19:42+00:00\",\"description\":\"Abba Taxi Horgen, Inh. Anja Messmer, freundlich, zuverl\u00e4ssig und p\u00fcnktlich.\",\"breadcrumb\":{\"@id\":\"https:\/\/www.abbataxihorgen.ch\/de\/#breadcrumb\"},\"inLanguage\":\"de\",\"potentialAction\":[{\"@type\":\"ReadAction\",\"target\":[\"https:\/\/www.abbataxihorgen.ch\/de\/\"]}]},{\"@type\":\"ImageObject\",\"inLanguage\":\"de\",\"@id\":\"https:\/\/www.abbataxihorgen.ch\/de\/#primaryimage\",\"url\":\"https:\/\/www.abbataxihorgen.ch\/wp-content\/uploads\/2022\/12\/car-home-1-870x595.jpeg\",\"contentUrl\":\"https:\/\/www.abbataxihorgen.ch\/wp-content\/uploads\/2022\/12\/car-home-1-870x595.jpeg\"},{\"@type\":\"BreadcrumbList\",\"@id\":\"https:\/\/www.abbataxihorgen.ch\/de\/#breadcrumb\",\"itemListElement\":[{\"@type\":\"ListItem\",\"position\":1,\"name\":\"Startseite\",\"item\":\"https:\/\/www.abbataxihorgen.ch\/de\/\"},{\"@type\":\"ListItem\",\"position\":2,\"name\":\"Home\"}]},{\"@type\":\"WebSite\",\"@id\":\"http:\/\/local.abbataxihorgen.ch\/#website\",\"url\":\"http:\/\/local.abbataxihorgen.ch\/\",\"name\":\"Abba Taxi Horgen\",\"description\":\"\",\"potentialAction\":[{\"@type\":\"SearchAction\",\"target\":{\"@type\":\"EntryPoint\",\"urlTemplate\":\"http:\/\/local.abbataxihorgen.ch\/?s={search_term_string}\"},\"query-input\":{\"@type\":\"PropertyValueSpecification\",\"valueRequired\":true,\"valueName\":\"search_term_string\"}}],\"inLanguage\":\"de\"}]}<\/script>\n<!-- \/ Yoast SEO plugin. -->","yoast_head_json":{"title":"Home - Abba Taxi Horgen","description":"Abba Taxi Horgen, Inh. Anja Messmer, freundlich, zuverl\u00e4ssig und p\u00fcnktlich.","robots":{"index":"index","follow":"follow","max-snippet":"max-snippet:-1","max-image-preview":"max-image-preview:large","max-video-preview":"max-video-preview:-1"},"canonical":"https:\/\/www.abbataxihorgen.ch\/de\/","og_locale":"de_DE","og_type":"article","og_title":"Home - Abba Taxi Horgen","og_description":"Abba Taxi Horgen, Inh. Anja Messmer, freundlich, zuverl\u00e4ssig und p\u00fcnktlich.","og_url":"https:\/\/www.abbataxihorgen.ch\/de\/","og_site_name":"Abba Taxi Horgen","article_modified_time":"2025-09-22T09:19:42+00:00","og_image":[{"url":"https:\/\/www.abbataxihorgen.ch\/wp-content\/uploads\/2022\/12\/car-home-1-870x595.jpeg","type":"","width":"","height":""}],"twitter_card":"summary_large_image","twitter_misc":{"Gesch\u00e4tzte Lesezeit":"2\u00a0Minuten"},"schema":{"@context":"https:\/\/schema.org","@graph":[{"@type":"WebPage","@id":"https:\/\/www.abbataxihorgen.ch\/de\/","url":"https:\/\/www.abbataxihorgen.ch\/de\/","name":"Home - Abba Taxi Horgen","isPartOf":{"@id":"http:\/\/local.abbataxihorgen.ch\/#website"},"primaryImageOfPage":{"@id":"https:\/\/www.abbataxihorgen.ch\/de\/#primaryimage"},"image":{"@id":"https:\/\/www.abbataxihorgen.ch\/de\/#primaryimage"},"thumbnailUrl":"https:\/\/www.abbataxihorgen.ch\/wp-content\/uploads\/2022\/12\/car-home-1-870x595.jpeg","datePublished":"2022-12-28T05:16:05+00:00","dateModified":"2025-09-22T09:19:42+00:00","description":"Abba Taxi Horgen, Inh. Anja Messmer, freundlich, zuverl\u00e4ssig und p\u00fcnktlich.","breadcrumb":{"@id":"https:\/\/www.abbataxihorgen.ch\/de\/#breadcrumb"},"inLanguage":"de","potentialAction":[{"@type":"ReadAction","target":["https:\/\/www.abbataxihorgen.ch\/de\/"]}]},{"@type":"ImageObject","inLanguage":"de","@id":"https:\/\/www.abbataxihorgen.ch\/de\/#primaryimage","url":"https:\/\/www.abbataxihorgen.ch\/wp-content\/uploads\/2022\/12\/car-home-1-870x595.jpeg","contentUrl":"https:\/\/www.abbataxihorgen.ch\/wp-content\/uploads\/2022\/12\/car-home-1-870x595.jpeg"},{"@type":"BreadcrumbList","@id":"https:\/\/www.abbataxihorgen.ch\/de\/#breadcrumb","itemListElement":[{"@type":"ListItem","position":1,"name":"Startseite","item":"https:\/\/www.abbataxihorgen.ch\/de\/"},{"@type":"ListItem","position":2,"name":"Home"}]},{"@type":"WebSite","@id":"http:\/\/local.abbataxihorgen.ch\/#website","url":"http:\/\/local.abbataxihorgen.ch\/","name":"Abba Taxi Horgen","description":"","potentialAction":[{"@type":"SearchAction","target":{"@type":"EntryPoint","urlTemplate":"http:\/\/local.abbataxihorgen.ch\/?s={search_term_string}"},"query-input":{"@type":"PropertyValueSpecification","valueRequired":true,"valueName":"search_term_string"}}],"inLanguage":"de"}]}},"_links":{"self":[{"href":"https:\/\/www.abbataxihorgen.ch\/de\/wp-json\/wp\/v2\/pages\/9","targetHints":{"allow":["GET"]}}],"collection":[{"href":"https:\/\/www.abbataxihorgen.ch\/de\/wp-json\/wp\/v2\/pages"}],"about":[{"href":"https:\/\/www.abbataxihorgen.ch\/de\/wp-json\/wp\/v2\/types\/page"}],"author":[{"embeddable":true,"href":"https:\/\/www.abbataxihorgen.ch\/de\/wp-json\/wp\/v2\/users\/2"}],"replies":[{"embeddable":true,"href":"https:\/\/www.abbataxihorgen.ch\/de\/wp-json\/wp\/v2\/comments?post=9"}],"version-history":[{"count":65,"href":"https:\/\/www.abbataxihorgen.ch\/de\/wp-json\/wp\/v2\/pages\/9\/revisions"}],"predecessor-version":[{"id":410,"href":"https:\/\/www.abbataxihorgen.ch\/de\/wp-json\/wp\/v2\/pages\/9\/revisions\/410"}],"wp:attachment":[{"href":"https:\/\/www.abbataxihorgen.ch\/de\/wp-json\/wp\/v2\/media?parent=9"}],"curies":[{"name":"wp","href":"https:\/\/api.w.org\/{rel}","templated":true}]}}